{"id":166,"date":"2016-10-05T02:12:01","date_gmt":"2016-10-05T02:12:01","guid":{"rendered":"http:\/\/travelwp.physcode.com\/maindemo\/?page_id=166"},"modified":"2024-10-07T22:29:29","modified_gmt":"2024-10-07T20:29:29","slug":"nosotros","status":"publish","type":"page","link":"https:\/\/explorehuaraz.com\/es\/nosotros\/","title":{"rendered":"Nosotros"},"content":{"rendered":"\t\t<div data-elementor-type=\"wp-page\" data-elementor-id=\"166\" class=\"elementor elementor-166\">\n\t\t\t\t\t\t<section class=\"elementor-section elementor-top-section elementor-element elementor-element-27d7972 elementor-section-boxed elementor-section-height-default elementor-section-height-default\" data-id=\"27d7972\" data-element_type=\"section\">\n\t\t\t\t\t\t<div class=\"elementor-container elementor-column-gap-no\">\n\t\t\t\t\t<div class=\"elementor-column elementor-col-100 elementor-top-column elementor-element elementor-element-5af6b89\" data-id=\"5af6b89\" data-element_type=\"column\">\n\t\t\t<div class=\"elementor-widget-wrap elementor-element-populated\">\n\t\t\t\t\t\t<div class=\"elementor-element elementor-element-9087afd elementor-widget elementor-widget-thim-ekits-breadcrumb\" data-id=\"9087afd\" data-element_type=\"widget\" data-widget_type=\"thim-ekits-breadcrumb.default\">\n\t\t\t\t<div class=\"elementor-widget-container\">\n\t\t\t\t\t\n\t\t\t<div class=\"thim-ekit-breadcrumb\">\n\n\t\t\t\tHome\n\t\t\t<\/div>\n\n\t\t\t\t\t\t\t<\/div>\n\t\t\t\t<\/div>\n\t\t\t\t<div class=\"elementor-element elementor-element-7e5cfd6 elementor-widget elementor-widget-thim-ekits-heading\" data-id=\"7e5cfd6\" data-element_type=\"widget\" data-widget_type=\"thim-ekits-heading.default\">\n\t\t\t\t<div class=\"elementor-widget-container\">\n\t\t\t\t\t<div class=\"thim-ekits-heading thim-ekit__heading\"><h2 class=\"title\">Sobre Nostros<\/h2><h5 class=\"sub-heading\">Explora Huaraz<\/h5><\/div>\t\t\t\t<\/div>\n\t\t\t\t<\/div>\n\t\t\t\t\t<\/div>\n\t\t<\/div>\n\t\t\t\t\t<\/div>\n\t\t<\/section>\n\t\t\t\t<section class=\"elementor-section elementor-top-section elementor-element elementor-element-e7c3e18 elementor-section-boxed elementor-section-height-default elementor-section-height-default\" data-id=\"e7c3e18\" data-element_type=\"section\">\n\t\t\t\t\t\t<div class=\"elementor-container elementor-column-gap-no\">\n\t\t\t\t\t<div class=\"elementor-column elementor-col-33 elementor-top-column elementor-element elementor-element-a124c08\" data-id=\"a124c08\" data-element_type=\"column\">\n\t\t\t<div class=\"elementor-widget-wrap\">\n\t\t\t\t\t\t\t<\/div>\n\t\t<\/div>\n\t\t\t\t<div class=\"elementor-column elementor-col-33 elementor-top-column elementor-element elementor-element-199af53\" data-id=\"199af53\" data-element_type=\"column\">\n\t\t\t<div class=\"elementor-widget-wrap elementor-element-populated\">\n\t\t\t\t\t\t<div class=\"elementor-element elementor-element-fba7743 elementor-widget elementor-widget-image\" data-id=\"fba7743\" data-element_type=\"widget\" data-widget_type=\"image.default\">\n\t\t\t\t<div class=\"elementor-widget-container\">\n\t\t\t\t\t\t\t\t\t\t\t\t\t\t\t<img fetchpriority=\"high\" decoding=\"async\" width=\"640\" height=\"360\" src=\"https:\/\/explorehuaraz.com\/es\/wp-content\/uploads\/2024\/08\/2-768x432.png\" class=\"attachment-medium_large size-medium_large wp-image-8963\" alt=\"\" srcset=\"https:\/\/explorehuaraz.com\/es\/wp-content\/uploads\/2024\/08\/2-768x432.png 768w, https:\/\/explorehuaraz.com\/es\/wp-content\/uploads\/2024\/08\/2-820x461.png 820w, https:\/\/explorehuaraz.com\/es\/wp-content\/uploads\/2024\/08\/2-1536x864.png 1536w, https:\/\/explorehuaraz.com\/es\/wp-content\/uploads\/2024\/08\/2.png 1920w\" sizes=\"(max-width: 640px) 100vw, 640px\" \/>\t\t\t\t\t\t\t\t\t\t\t\t\t\t\t<\/div>\n\t\t\t\t<\/div>\n\t\t\t\t<div class=\"elementor-element elementor-element-86c2478 elementor-widget__width-initial elementor-widget elementor-widget-thim-ekits-heading\" data-id=\"86c2478\" data-element_type=\"widget\" data-widget_type=\"thim-ekits-heading.default\">\n\t\t\t\t<div class=\"elementor-widget-container\">\n\t\t\t\t\t<div class=\"thim-ekits-heading thim-ekit__heading\">\t\t\t<div class='desc'>\n\t\t\t\t<p>Un viaje inolvidable puede marcar un antes y un despu\u00e9s en tu vida; por eso nos apasiona que encuentres una conexi\u00f3n con la majestuosidad de Huaraz a trav\u00e9s de experiencias \u00fanicas y enriquecedoras; los TOURS FULLDAY combinan lo mejor de la naturaleza, la cultura y la aventura, est\u00e1n dise\u00f1ados para satisfacerte si eres un buscador de emociones o si deseas sumergirte en la historia y belleza de nuestra regi\u00f3n.<\/p><p>.<\/p>\t\t\t<\/div>\n\t\t<\/div>\t\t\t\t<\/div>\n\t\t\t\t<\/div>\n\t\t\t\t\t<\/div>\n\t\t<\/div>\n\t\t\t\t<div class=\"elementor-column elementor-col-33 elementor-top-column elementor-element elementor-element-d18f2ed\" data-id=\"d18f2ed\" data-element_type=\"column\">\n\t\t\t<div class=\"elementor-widget-wrap\">\n\t\t\t\t\t\t\t<\/div>\n\t\t<\/div>\n\t\t\t\t\t<\/div>\n\t\t<\/section>\n\t\t\t\t<section class=\"elementor-section elementor-top-section elementor-element elementor-element-3f9dfcf elementor-section-content-middle elementor-section-boxed elementor-section-height-default elementor-section-height-default\" data-id=\"3f9dfcf\" data-element_type=\"section\" data-settings=\"{&quot;background_background&quot;:&quot;classic&quot;}\">\n\t\t\t\t\t\t<div class=\"elementor-container elementor-column-gap-no\">\n\t\t\t\t\t<div class=\"elementor-column elementor-col-50 elementor-top-column elementor-element elementor-element-9bdb8c6\" data-id=\"9bdb8c6\" data-element_type=\"column\">\n\t\t\t<div class=\"elementor-widget-wrap elementor-element-populated\">\n\t\t\t\t\t\t<div class=\"elementor-element elementor-element-a82dcc9 elementor-widget__width-initial elementor-widget elementor-widget-thim-ekits-heading\" data-id=\"a82dcc9\" data-element_type=\"widget\" data-widget_type=\"thim-ekits-heading.default\">\n\t\t\t\t<div class=\"elementor-widget-container\">\n\t\t\t\t\t<div class=\"thim-ekits-heading thim-ekit__heading\"><h2 class=\"title\">Nuestra empresa<\/h2>\t\t\t<div class='desc'>\n\t\t\t\t<p>Engloba 3 marcas especializadas.<\/p>\t\t\t<\/div>\n\t\t<\/div>\t\t\t\t<\/div>\n\t\t\t\t<\/div>\n\t\t\t\t\t<\/div>\n\t\t<\/div>\n\t\t\t\t<div class=\"elementor-column elementor-col-50 elementor-top-column elementor-element elementor-element-4770233\" data-id=\"4770233\" data-element_type=\"column\">\n\t\t\t<div class=\"elementor-widget-wrap elementor-element-populated\">\n\t\t\t\t\t\t<section class=\"elementor-section elementor-inner-section elementor-element elementor-element-28c5603 elementor-section-boxed elementor-section-height-default elementor-section-height-default\" data-id=\"28c5603\" data-element_type=\"section\">\n\t\t\t\t\t\t<div class=\"elementor-container elementor-column-gap-no\">\n\t\t\t\t\t<div class=\"elementor-column elementor-col-50 elementor-inner-column elementor-element elementor-element-cb42532\" data-id=\"cb42532\" data-element_type=\"column\">\n\t\t\t<div class=\"elementor-widget-wrap elementor-element-populated\">\n\t\t\t\t\t\t<div class=\"elementor-element elementor-element-53503bf elementor-widget elementor-widget-thim-ekits-icon-box\" data-id=\"53503bf\" data-element_type=\"widget\" data-widget_type=\"thim-ekits-icon-box.default\">\n\t\t\t\t<div class=\"elementor-widget-container\">\n\t\t\t\t\t<div class=\"ekits-iconbox iconbox-top\"><div class=\"boxes-icon\"><img decoding=\"async\" src=\"https:\/\/explorehuaraz.com\/es\/wp-content\/uploads\/2024\/08\/LOGO-WARMI-TREK-e1728407294265.png\" title=\"LOGO WARMI TREK\" alt=\"LOGO WARMI TREK\" loading=\"lazy\" \/><\/div><div class=\"content-inner thim-ekits-heading\"><h4 class=\"title\">Warmi Trek<\/h4>\t\t\t<div class='desc'>\n\t\t\t\tEnfocada en ofrecer experiencias de trekking solo para mujeres, creando un espacio seguro y empoderador.\t\t\t<\/div>\n\t\t<\/div><\/div>\t\t\t\t<\/div>\n\t\t\t\t<\/div>\n\t\t\t\t<div class=\"elementor-element elementor-element-ccb2daa elementor-widget elementor-widget-thim-ekits-icon-box\" data-id=\"ccb2daa\" data-element_type=\"widget\" data-widget_type=\"thim-ekits-icon-box.default\">\n\t\t\t\t<div class=\"elementor-widget-container\">\n\t\t\t\t\t<div class=\"ekits-iconbox iconbox-top\"><div class=\"boxes-icon\"><img decoding=\"async\" src=\"https:\/\/explorehuaraz.com\/es\/wp-content\/uploads\/2024\/08\/LOGO-ANDEAN-ALPES.png\" title=\"LOGO ANDEAN ALPES\" alt=\"LOGO ANDEAN ALPES\" loading=\"lazy\" \/><\/div><div class=\"content-inner thim-ekits-heading\"><h4 class=\"title\">Andean Alpes<\/h4>\t\t\t<div class='desc'>\n\t\t\t\t<p>Dedicada a los deportes de monta\u00f1ismo y aventura para los entusiastas de los desaf\u00edos extremos hace m\u00e1s de 5 a\u00f1os.<\/p>\t\t\t<\/div>\n\t\t<\/div><\/div>\t\t\t\t<\/div>\n\t\t\t\t<\/div>\n\t\t\t\t\t<\/div>\n\t\t<\/div>\n\t\t\t\t<div class=\"elementor-column elementor-col-50 elementor-inner-column elementor-element elementor-element-733951a\" data-id=\"733951a\" data-element_type=\"column\">\n\t\t\t<div class=\"elementor-widget-wrap elementor-element-populated\">\n\t\t\t\t\t\t<div class=\"elementor-element elementor-element-9107240 elementor-widget elementor-widget-thim-ekits-icon-box\" data-id=\"9107240\" data-element_type=\"widget\" data-widget_type=\"thim-ekits-icon-box.default\">\n\t\t\t\t<div class=\"elementor-widget-container\">\n\t\t\t\t\t<div class=\"ekits-iconbox iconbox-top\"><div class=\"boxes-icon\"><img decoding=\"async\" src=\"https:\/\/explorehuaraz.com\/wp-content\/uploads\/2024\/08\/LOGO-EDUEXPLORA.png\" title=\"\" alt=\"\" loading=\"lazy\" \/><\/div><div class=\"content-inner thim-ekits-heading\"><h4 class=\"title\">Edu Explora<\/h4>\t\t\t<div class='desc'>\n\t\t\t\t<p>Dedicada a viajes de promoci\u00f3n escolar, fomentando el aprendizaje y la exploraci\u00f3n en grupo.<\/p>\t\t\t<\/div>\n\t\t<\/div><\/div>\t\t\t\t<\/div>\n\t\t\t\t<\/div>\n\t\t\t\t\t<\/div>\n\t\t<\/div>\n\t\t\t\t\t<\/div>\n\t\t<\/section>\n\t\t\t\t\t<\/div>\n\t\t<\/div>\n\t\t\t\t\t<\/div>\n\t\t<\/section>\n\t\t\t\t<section class=\"elementor-section elementor-top-section elementor-element elementor-element-d530dbc elementor-section-content-middle elementor-reverse-mobile elementor-section-boxed elementor-section-height-default elementor-section-height-default\" data-id=\"d530dbc\" data-element_type=\"section\" data-settings=\"{&quot;background_background&quot;:&quot;classic&quot;}\">\n\t\t\t\t\t\t<div class=\"elementor-container elementor-column-gap-no\">\n\t\t\t\t\t<div class=\"elementor-column elementor-col-50 elementor-top-column elementor-element elementor-element-ce1be82\" data-id=\"ce1be82\" data-element_type=\"column\">\n\t\t\t<div class=\"elementor-widget-wrap elementor-element-populated\">\n\t\t\t\t\t\t<div class=\"elementor-element elementor-element-dcff5ea elementor-widget elementor-widget-image\" data-id=\"dcff5ea\" data-element_type=\"widget\" data-widget_type=\"image.default\">\n\t\t\t\t<div class=\"elementor-widget-container\">\n\t\t\t\t\t\t\t\t\t\t\t\t\t\t\t<img decoding=\"async\" width=\"1920\" height=\"1080\" src=\"https:\/\/explorehuaraz.com\/es\/wp-content\/uploads\/2024\/08\/2.png\" class=\"attachment-full size-full wp-image-8963\" alt=\"\" srcset=\"https:\/\/explorehuaraz.com\/es\/wp-content\/uploads\/2024\/08\/2.png 1920w, https:\/\/explorehuaraz.com\/es\/wp-content\/uploads\/2024\/08\/2-820x461.png 820w, https:\/\/explorehuaraz.com\/es\/wp-content\/uploads\/2024\/08\/2-768x432.png 768w, https:\/\/explorehuaraz.com\/es\/wp-content\/uploads\/2024\/08\/2-1536x864.png 1536w\" sizes=\"(max-width: 1920px) 100vw, 1920px\" \/>\t\t\t\t\t\t\t\t\t\t\t\t\t\t\t<\/div>\n\t\t\t\t<\/div>\n\t\t\t\t\t<\/div>\n\t\t<\/div>\n\t\t\t\t<div class=\"elementor-column elementor-col-50 elementor-top-column elementor-element elementor-element-d4fb40b\" data-id=\"d4fb40b\" data-element_type=\"column\">\n\t\t\t<div class=\"elementor-widget-wrap elementor-element-populated\">\n\t\t\t\t\t\t<div class=\"elementor-element elementor-element-01243fc elementor-widget__width-initial elementor-widget elementor-widget-thim-ekits-heading\" data-id=\"01243fc\" data-element_type=\"widget\" data-widget_type=\"thim-ekits-heading.default\">\n\t\t\t\t<div class=\"elementor-widget-container\">\n\t\t\t\t\t<div class=\"thim-ekits-heading thim-ekit__heading\"><h2 class=\"title\">Tenemos un equipo de gu\u00edas expertos, transportes seguros y profunda conexi\u00f3n con la cultura local. <\/h2>\t\t\t<div class='desc'>\n\t\t\t\t<p>Nuestro compromiso es ofrecerte una experiencia inolvidable en cada rinc\u00f3n de Huaraz y alrededores..<\/p>\t\t\t<\/div>\n\t\t<\/div>\t\t\t\t<\/div>\n\t\t\t\t<\/div>\n\t\t\t\t\t<\/div>\n\t\t<\/div>\n\t\t\t\t\t<\/div>\n\t\t<\/section>\n\t\t\t\t<\/div>\n\t\t","protected":false},"excerpt":{"rendered":"<p>Home<br \/>\nSobre Nostros<br \/>\nExplora Huaraz<\/p>\n<p>Un viaje inolvidable puede marcar un antes y un despu\u00e9s en tu vida; por eso nos apasiona que encuentres una conexi\u00f3n con la majestuosidad <\/p>\n","protected":false},"author":1,"featured_media":0,"parent":0,"menu_order":0,"comment_status":"closed","ping_status":"closed","template":"elementor_header_footer","meta":{"_joinchat":[],"footnotes":""},"class_list":["post-166","page","type-page","status-publish","hentry"],"_links":{"self":[{"href":"https:\/\/explorehuaraz.com\/es\/wp-json\/wp\/v2\/pages\/166","targetHints":{"allow":["GET"]}}],"collection":[{"href":"https:\/\/explorehuaraz.com\/es\/wp-json\/wp\/v2\/pages"}],"about":[{"href":"https:\/\/explorehuaraz.com\/es\/wp-json\/wp\/v2\/types\/page"}],"author":[{"embeddable":true,"href":"https:\/\/explorehuaraz.com\/es\/wp-json\/wp\/v2\/users\/1"}],"replies":[{"embeddable":true,"href":"https:\/\/explorehuaraz.com\/es\/wp-json\/wp\/v2\/comments?post=166"}],"version-history":[{"count":0,"href":"https:\/\/explorehuaraz.com\/es\/wp-json\/wp\/v2\/pages\/166\/revisions"}],"wp:attachment":[{"href":"https:\/\/explorehuaraz.com\/es\/wp-json\/wp\/v2\/media?parent=166"}],"curies":[{"name":"wp","href":"https:\/\/api.w.org\/{rel}","templated":true}]}}