{"id":8879,"date":"2016-09-09T07:18:39","date_gmt":"2016-09-09T07:18:39","guid":{"rendered":"http:\/\/travelwp.physcode.com\/maindemo\/tour-term-condition\/"},"modified":"2025-04-30T19:22:11","modified_gmt":"2025-05-01T00:22:11","slug":"terminos-condiciones","status":"publish","type":"page","link":"https:\/\/explorehuaraz.com\/es\/terminos-condiciones\/","title":{"rendered":"T\u00e9rminos y condiciones"},"content":{"rendered":"<ul class=\"wp-block-list\"><li>Puede reservar su tour por el carrito de compras de la <strong>p\u00e1gina web<\/strong> o por el <strong>n\u00famero de Whatsapp<\/strong>.<\/li>\n\n<li>El lugar reservado es v\u00e1lido \u00fanicamente para la fecha de viaje acordada. La reprogramaci\u00f3n de viaje debe solicitarse con al menos <strong>72 horas de anticipaci\u00f3n<\/strong>.<\/li>\n\n<li>Se aceptan cancelaciones con un m\u00ednimo de <strong>72 horas de antelaci\u00f3n<\/strong>, sujetas a una reducci\u00f3n del <strong>50% del dep\u00f3sito por gastos administrativos<\/strong>.<\/li>\n\n<li>No se conceder\u00e1n reembolsos ni cambios <strong>en caso de tardanza, no presentaci\u00f3n o abandono del viaje<\/strong>.<\/li>\n\n<li>Est\u00e1 estrictamente prohibido abordar el transporte bajo los efectos del <strong>alcohol o drogas<\/strong>.<\/li>\n\n<li>Deber\u00e1 portar su <strong>DNI, Carnet de extranjer\u00eda o Pasaporte<\/strong> al abordar el transporte.<\/li>\n\n<li>Si la persona que realiza la reserva, reserva para dos o m\u00e1s personas, se considerar\u00e1 responsable del <strong>pago \u00edntegro<\/strong> de todos los lugares reservados.<\/li>\n\n<li>Una vez confirmada la reserva, se entiende que el\/los participante(s) <strong>aceptan todos los t\u00e9rminos y condiciones<\/strong>.<\/li><\/ul>","protected":false},"excerpt":{"rendered":"<p>Puede reservar su tour por el carrito de compras de la p\u00e1gina web o por el n\u00famero de Whatsapp.<\/p>\n<p>El lugar reservado es v\u00e1lido \u00fanicamente para la fecha de <\/p>\n","protected":false},"author":1,"featured_media":0,"parent":0,"menu_order":0,"comment_status":"closed","ping_status":"closed","template":"","meta":{"_joinchat":[],"footnotes":""},"class_list":["post-8879","page","type-page","status-publish","hentry"],"_links":{"self":[{"href":"https:\/\/explorehuaraz.com\/es\/wp-json\/wp\/v2\/pages\/8879","targetHints":{"allow":["GET"]}}],"collection":[{"href":"https:\/\/explorehuaraz.com\/es\/wp-json\/wp\/v2\/pages"}],"about":[{"href":"https:\/\/explorehuaraz.com\/es\/wp-json\/wp\/v2\/types\/page"}],"author":[{"embeddable":true,"href":"https:\/\/explorehuaraz.com\/es\/wp-json\/wp\/v2\/users\/1"}],"replies":[{"embeddable":true,"href":"https:\/\/explorehuaraz.com\/es\/wp-json\/wp\/v2\/comments?post=8879"}],"version-history":[{"count":1,"href":"https:\/\/explorehuaraz.com\/es\/wp-json\/wp\/v2\/pages\/8879\/revisions"}],"predecessor-version":[{"id":9430,"href":"https:\/\/explorehuaraz.com\/es\/wp-json\/wp\/v2\/pages\/8879\/revisions\/9430"}],"wp:attachment":[{"href":"https:\/\/explorehuaraz.com\/es\/wp-json\/wp\/v2\/media?parent=8879"}],"curies":[{"name":"wp","href":"https:\/\/api.w.org\/{rel}","templated":true}]}}