{"id":253,"date":"2016-11-29T03:09:47","date_gmt":"2016-11-29T03:09:47","guid":{"rendered":"http:\/\/travelwp.physcode.com\/maindemo\/product\/essential-europe-2016\/"},"modified":"2024-10-24T21:10:27","modified_gmt":"2024-10-25T02:10:27","slug":"nevado-mateo","status":"publish","type":"product","link":"https:\/\/explorehuaraz.com\/es\/tours\/nevado-mateo","title":{"rendered":"Nevado Mateo"},"content":{"rendered":"<p>El tour al Nevado Mateo ofrece una experiencia emocionante y accesible para quienes desean adentrarse en la aventura del monta\u00f1ismo en la imponente Cordillera Blanca, sin requerir experiencia previa como escaladores. Con sus 5,150 metros sobre el nivel del mar, el Nevado Mateo brinda una ruta que, aunque relativamente sencilla, presenta un reto gratificante.<\/p>\n<p>&nbsp;<\/p>\n<hr \/>\n<p>&nbsp;<\/p>\n<div class=\"tour-content-what-included\">\n<h4 id=\"whats-included\">Inluye<\/h4>\n<ul style=\"column-count: 2;\">\n<li><i class=\"tk tk-check\" aria-hidden=\"true\"><\/i>Transporte privado ida y retorno: ox\u00edgeno, SOAT, asientos c\u00f3modos, ventanas panor\u00e1micas<\/li>\n<li><i class=\"tk tk-check\" aria-hidden=\"true\"><\/i>Gu\u00eda oficial de monta\u00f1a certificado AGMP\/UIAGM.<\/li>\n<li><i class=\"tk tk-check\" aria-hidden=\"true\"><\/i>Equipo personal de monta\u00f1a certificado: botas aptas para 5000m, crampones t\u00e9cnicos, arn\u00e9s de seguridad, piolets t\u00e9cnicos, casco de seguridad.<\/li>\n<li><i class=\"tk tk-check\" aria-hidden=\"true\"><\/i>Equipo de uso colectivo: cuerda, descensor, estacas, tornillos, etc.<\/li>\n<li><i class=\"tk tk-check\" aria-hidden=\"true\"><\/i>Asistencia permanente.<\/li>\n<li><i class=\"tk tk-check\" aria-hidden=\"true\"><\/i>Botiqu\u00edn de primeros auxilios para alta monta\u00f1a.<\/li>\n<li><i class=\"tk tk-check\" aria-hidden=\"true\"><\/i>Traslados in\/out.<\/li>\n<li><i class=\"tk tk-check\" aria-hidden=\"true\"><\/i>Fotograf\u00edas y videos.<\/li>\n<\/ul>\n<h4 id=\"whats-included\">No Inluye<\/h4>\n<ul style=\"column-count: 2;\">\n<li><i class=\"tk tk-times\"><\/i>Ticket de entrada al Parque Nacional Huascar\u00e1n: 30 SOLES.<\/li>\n<li><i class=\"tk tk-times\"><\/i>Pantal\u00f3n impermeable, casaca cortaviento. <i class=\"tk tk-times\"><\/i><\/li>\n<\/ul>\n<\/div>\n<p>&nbsp;<\/p>\n","protected":false},"excerpt":{"rendered":"<p>El tour al Nevado Mateo ofrece una experiencia emocionante y accesible para quienes desean adentrarse en la aventura del monta\u00f1ismo en la imponente Cordillera Blanca, sin requerir experiencia previa como <\/p>\n","protected":false},"featured_media":8942,"comment_status":"open","ping_status":"closed","template":"","meta":{"_joinchat":[]},"product_brand":[],"product_cat":[125],"product_tag":[],"class_list":{"0":"post-253","1":"product","2":"type-product","3":"status-publish","4":"has-post-thumbnail","6":"tour_phys-montanismo","7":"product_cat-montanismo","9":"first","10":"instock","11":"shipping-taxable","12":"purchasable","13":"product-type-tour_phys"},"_links":{"self":[{"href":"https:\/\/explorehuaraz.com\/es\/wp-json\/wp\/v2\/product\/253","targetHints":{"allow":["GET"]}}],"collection":[{"href":"https:\/\/explorehuaraz.com\/es\/wp-json\/wp\/v2\/product"}],"about":[{"href":"https:\/\/explorehuaraz.com\/es\/wp-json\/wp\/v2\/types\/product"}],"replies":[{"embeddable":true,"href":"https:\/\/explorehuaraz.com\/es\/wp-json\/wp\/v2\/comments?post=253"}],"wp:featuredmedia":[{"embeddable":true,"href":"https:\/\/explorehuaraz.com\/es\/wp-json\/wp\/v2\/media\/8942"}],"wp:attachment":[{"href":"https:\/\/explorehuaraz.com\/es\/wp-json\/wp\/v2\/media?parent=253"}],"wp:term":[{"taxonomy":"product_brand","embeddable":true,"href":"https:\/\/explorehuaraz.com\/es\/wp-json\/wp\/v2\/product_brand?post=253"},{"taxonomy":"product_cat","embeddable":true,"href":"https:\/\/explorehuaraz.com\/es\/wp-json\/wp\/v2\/product_cat?post=253"},{"taxonomy":"product_tag","embeddable":true,"href":"https:\/\/explorehuaraz.com\/es\/wp-json\/wp\/v2\/product_tag?post=253"}],"curies":[{"name":"wp","href":"https:\/\/api.w.org\/{rel}","templated":true}]}}