{"id":255,"date":"2016-11-29T03:11:04","date_gmt":"2016-11-29T03:11:04","guid":{"rendered":"http:\/\/travelwp.physcode.com\/maindemo\/product\/the-best-of-spain\/"},"modified":"2025-02-08T10:30:56","modified_gmt":"2025-02-08T15:30:56","slug":"punta-olimpica-chacas","status":"publish","type":"product","link":"https:\/\/explorehuaraz.com\/es\/tours\/punta-olimpica-chacas","title":{"rendered":"Punta Olimpica Chacas"},"content":{"rendered":"<p>Un d\u00eda lleno de cultura, arte y rodeado de la naturaleza nativa, podremos tocar nieve con un poco de suerte y llegar al t\u00fanel m\u00e1s alto del Per\u00fa.<\/p>\n","protected":false},"excerpt":{"rendered":"<p>Un d\u00eda lleno de cultura, arte y rodeado de la naturaleza nativa, podremos tocar nieve con un poco de suerte y llegar al t\u00fanel m\u00e1s alto del Per\u00fa.<\/p>\n","protected":false},"featured_media":9368,"comment_status":"open","ping_status":"closed","template":"","meta":{"_joinchat":[]},"product_brand":[],"product_cat":[15],"product_tag":[],"class_list":{"0":"post-255","1":"product","2":"type-product","3":"status-publish","4":"has-post-thumbnail","6":"tour_phys-tours-fullday","7":"product_cat-tours-diarios","9":"first","10":"instock","11":"shipping-taxable","12":"purchasable","13":"product-type-tour_phys"},"_links":{"self":[{"href":"https:\/\/explorehuaraz.com\/es\/wp-json\/wp\/v2\/product\/255","targetHints":{"allow":["GET"]}}],"collection":[{"href":"https:\/\/explorehuaraz.com\/es\/wp-json\/wp\/v2\/product"}],"about":[{"href":"https:\/\/explorehuaraz.com\/es\/wp-json\/wp\/v2\/types\/product"}],"replies":[{"embeddable":true,"href":"https:\/\/explorehuaraz.com\/es\/wp-json\/wp\/v2\/comments?post=255"}],"wp:featuredmedia":[{"embeddable":true,"href":"https:\/\/explorehuaraz.com\/es\/wp-json\/wp\/v2\/media\/9368"}],"wp:attachment":[{"href":"https:\/\/explorehuaraz.com\/es\/wp-json\/wp\/v2\/media?parent=255"}],"wp:term":[{"taxonomy":"product_brand","embeddable":true,"href":"https:\/\/explorehuaraz.com\/es\/wp-json\/wp\/v2\/product_brand?post=255"},{"taxonomy":"product_cat","embeddable":true,"href":"https:\/\/explorehuaraz.com\/es\/wp-json\/wp\/v2\/product_cat?post=255"},{"taxonomy":"product_tag","embeddable":true,"href":"https:\/\/explorehuaraz.com\/es\/wp-json\/wp\/v2\/product_tag?post=255"}],"curies":[{"name":"wp","href":"https:\/\/api.w.org\/{rel}","templated":true}]}}