{"id":261,"date":"2016-11-29T03:19:21","date_gmt":"2016-11-29T03:19:21","guid":{"rendered":"http:\/\/travelwp.physcode.com\/maindemo\/product\/slow-food-tour-2016\/"},"modified":"2025-02-08T10:29:50","modified_gmt":"2025-02-08T15:29:50","slug":"pastoruri","status":"publish","type":"product","link":"https:\/\/explorehuaraz.com\/es\/tours\/pastoruri","title":{"rendered":"Glaciar Pastoruri"},"content":{"rendered":"<p>Es un glaciar ubicado en el Parque Nacional Huascar\u00e1n, que se eleva a 5200 m sobre el nivel del mar. Es tristemente famoso por haber perdido parte de su cubierta de hielo en los \u00faltimos a\u00f1os debido al cambio clim\u00e1tico. Se necesitan unas 3 horas de viaje para llegar all\u00ed desde Huaraz, \u00a1pero los paisajes son magn\u00edficos!<\/p>\n","protected":false},"excerpt":{"rendered":"<p>Es un glaciar ubicado en el Parque Nacional Huascar\u00e1n, que se eleva a 5200 m sobre el nivel del mar. Es tristemente famoso por haber perdido parte de su cubierta <\/p>\n","protected":false},"featured_media":9089,"comment_status":"open","ping_status":"closed","template":"","meta":{"_joinchat":[]},"product_brand":[],"product_cat":[15],"product_tag":[],"class_list":{"0":"post-261","1":"product","2":"type-product","3":"status-publish","4":"has-post-thumbnail","6":"tour_phys-tours-fullday","7":"product_cat-tours-diarios","8":"pa_destination-bangkok","9":"pa_destination-nha-trang","10":"pa_destination-phuket","11":"pa_month-april","12":"pa_month-august","13":"pa_month-december","14":"pa_month-february","15":"pa_month-january","16":"pa_month-july","17":"pa_month-june","18":"pa_month-march","19":"pa_month-may","20":"pa_month-november","21":"pa_month-october","22":"pa_month-september","24":"first","25":"instock","26":"shipping-taxable","27":"purchasable","28":"product-type-tour_phys"},"_links":{"self":[{"href":"https:\/\/explorehuaraz.com\/es\/wp-json\/wp\/v2\/product\/261","targetHints":{"allow":["GET"]}}],"collection":[{"href":"https:\/\/explorehuaraz.com\/es\/wp-json\/wp\/v2\/product"}],"about":[{"href":"https:\/\/explorehuaraz.com\/es\/wp-json\/wp\/v2\/types\/product"}],"replies":[{"embeddable":true,"href":"https:\/\/explorehuaraz.com\/es\/wp-json\/wp\/v2\/comments?post=261"}],"wp:featuredmedia":[{"embeddable":true,"href":"https:\/\/explorehuaraz.com\/es\/wp-json\/wp\/v2\/media\/9089"}],"wp:attachment":[{"href":"https:\/\/explorehuaraz.com\/es\/wp-json\/wp\/v2\/media?parent=261"}],"wp:term":[{"taxonomy":"product_brand","embeddable":true,"href":"https:\/\/explorehuaraz.com\/es\/wp-json\/wp\/v2\/product_brand?post=261"},{"taxonomy":"product_cat","embeddable":true,"href":"https:\/\/explorehuaraz.com\/es\/wp-json\/wp\/v2\/product_cat?post=261"},{"taxonomy":"product_tag","embeddable":true,"href":"https:\/\/explorehuaraz.com\/es\/wp-json\/wp\/v2\/product_tag?post=261"}],"curies":[{"name":"wp","href":"https:\/\/api.w.org\/{rel}","templated":true}]}}