{"id":8947,"date":"2024-07-22T00:48:10","date_gmt":"2024-07-21T22:48:10","guid":{"rendered":"https:\/\/explorehuaraz.com\/es\/\/es\/\/es\/?post_type=product&#038;p=8947"},"modified":"2024-10-24T21:02:14","modified_gmt":"2024-10-25T02:02:14","slug":"nevado-pisco","status":"publish","type":"product","link":"https:\/\/explorehuaraz.com\/es\/tours\/nevado-pisco","title":{"rendered":"Nevado Pisco"},"content":{"rendered":"<p>El tour de escalada al Nevado Pisco es una aventura ideal para quienes buscan disfrutar de la majestuosidad de la Cordillera Blanca, con un ascenso que combina belleza esc\u00e9nica y una dificultad moderada, lo que lo convierte en una excelente opci\u00f3n tanto para monta\u00f1istas principiantes como intermedios. Con una altitud de 5,752 metros sobre el nivel del mar, el Nevado Pisco ofrece una de las mejores vistas panor\u00e1micas de toda la cordillera.<\/p>\n<p>&nbsp;<\/p>\n<hr \/>\n<p>&nbsp;<\/p>\n<div class=\"tour-content-what-included\">\n<h4 id=\"whats-included\">Incluye<\/h4>\n<ul style=\"column-count: 2;\">\n<li><i class=\"tk tk-check\" aria-hidden=\"true\"><\/i>Transporte privado ida y retorno: ox\u00edgeno, SOAT, asientos reclinables, ventanas panor\u00e1micas.<\/li>\n<li><i class=\"tk tk-check\" aria-hidden=\"true\"><\/i>Gu\u00eda oficial de monta\u00f1a certificado AGMP\/UIAGM.<\/li>\n<li>Equipo personal de monta\u00f1a: botas, crampones, arn\u00e9s, piolet y casco.<\/li>\n<li><i class=\"tk tk-check\" aria-hidden=\"true\"><\/i>Equipo de uso colectivo: cuerda, estacas, mosquetones, etc.<\/li>\n<li><i class=\"tk tk-check\" aria-hidden=\"true\"><\/i>Alojamiento en el Refugio Pisco: cama con colch\u00f3n individual, uso del restaurante, cocinero, mozo, calefacci\u00f3n, ba\u00f1os y duchas.<\/li>\n<li><i class=\"tk tk-check\" aria-hidden=\"true\"><\/i>Alimentaci\u00f3n.<\/li>\n<li><i class=\"tk tk-check\" aria-hidden=\"true\"><\/i>Asistencia permanente.<\/li>\n<li><i class=\"tk tk-check\" aria-hidden=\"true\"><\/i>Botiqu\u00edn de primeros auxilios para alta monta\u00f1a.<\/li>\n<li><i class=\"tk tk-check\" aria-hidden=\"true\"><\/i>Traslados in\/out.<\/li>\n<li><i class=\"tk tk-check\" aria-hidden=\"true\"><\/i>Recojo desde su direcci\u00f3n de hospedaje (\u00e1rea urbana).<\/li>\n<li><i class=\"tk tk-check\" aria-hidden=\"true\"><\/i>Fotograf\u00edas y videos.<\/li>\n<\/ul>\n<h4 id=\"whats-included\">No Incluye<\/h4>\n<ul style=\"column-count: 2;\">\n<li><i class=\"tk tk-times\"><\/i>Ticket de entrada al Parque Nacional Huascar\u00e1n: 60 SOLES (20 USD aprox.)<\/li>\n<li><i class=\"tk tk-times\"><\/i>Ropa y accesorios personales.<\/li>\n<li><i class=\"tk tk-times\"><\/i>Bolsa de dormir personal.<\/li>\n<\/ul>\n<\/div>\n<p>&nbsp;<\/p>\n","protected":false},"excerpt":{"rendered":"<p>El tour de escalada al Nevado Pisco es una aventura ideal para quienes buscan disfrutar de la majestuosidad de la Cordillera Blanca, con un ascenso que combina belleza esc\u00e9nica y <\/p>\n","protected":false},"featured_media":8942,"comment_status":"open","ping_status":"closed","template":"","meta":{"_joinchat":[]},"product_brand":[],"product_cat":[125],"product_tag":[],"class_list":{"0":"post-8947","1":"product","2":"type-product","3":"status-publish","4":"has-post-thumbnail","6":"tour_phys-montanismo","7":"product_cat-montanismo","9":"first","10":"instock","11":"shipping-taxable","12":"purchasable","13":"product-type-tour_phys"},"_links":{"self":[{"href":"https:\/\/explorehuaraz.com\/es\/wp-json\/wp\/v2\/product\/8947","targetHints":{"allow":["GET"]}}],"collection":[{"href":"https:\/\/explorehuaraz.com\/es\/wp-json\/wp\/v2\/product"}],"about":[{"href":"https:\/\/explorehuaraz.com\/es\/wp-json\/wp\/v2\/types\/product"}],"replies":[{"embeddable":true,"href":"https:\/\/explorehuaraz.com\/es\/wp-json\/wp\/v2\/comments?post=8947"}],"wp:featuredmedia":[{"embeddable":true,"href":"https:\/\/explorehuaraz.com\/es\/wp-json\/wp\/v2\/media\/8942"}],"wp:attachment":[{"href":"https:\/\/explorehuaraz.com\/es\/wp-json\/wp\/v2\/media?parent=8947"}],"wp:term":[{"taxonomy":"product_brand","embeddable":true,"href":"https:\/\/explorehuaraz.com\/es\/wp-json\/wp\/v2\/product_brand?post=8947"},{"taxonomy":"product_cat","embeddable":true,"href":"https:\/\/explorehuaraz.com\/es\/wp-json\/wp\/v2\/product_cat?post=8947"},{"taxonomy":"product_tag","embeddable":true,"href":"https:\/\/explorehuaraz.com\/es\/wp-json\/wp\/v2\/product_tag?post=8947"}],"curies":[{"name":"wp","href":"https:\/\/api.w.org\/{rel}","templated":true}]}}