{"id":8948,"date":"2024-07-22T00:48:51","date_gmt":"2024-07-21T22:48:51","guid":{"rendered":"https:\/\/explorehuaraz.com\/es\/\/es\/\/es\/?post_type=product&#038;p=8948"},"modified":"2026-02-03T04:07:19","modified_gmt":"2026-02-03T09:07:19","slug":"nevado-ulta","status":"publish","type":"product","link":"https:\/\/explorehuaraz.com\/es\/tours\/nevado-ulta","title":{"rendered":"Nevado Ulta Chico"},"content":{"rendered":"<p>El tour de escalada al Nevado Ulta ofrece una experiencia \u00fanica para los amantes del monta\u00f1ismo y la naturaleza. Ubicado en la majestuosa Cordillera Blanca, en la regi\u00f3n de \u00c1ncash, Per\u00fa, el Nevado Ulta se eleva a una altitud de 5,875 metros sobre el nivel del mar, siendo un desaf\u00edo perfecto para escaladores de nivel intermedio a avanzado.<\/p>\n<p>&nbsp;<\/p>\n<hr \/>\n<p>&nbsp;<\/p>\n<div class=\"tour-content-what-included\">\n<h4 id=\"whats-included\">Incluye<\/h4>\n<ul style=\"column-count: 2;\">\n<li><i class=\"tk tk-check\" aria-hidden=\"true\"><\/i>Transporte privado ida y retorno: ox\u00edgeno, SOAT, asientos c\u00f3modos, ventanas panor\u00e1micas.<\/li>\n<li><i class=\"tk tk-check\" aria-hidden=\"true\"><\/i>Gu\u00eda oficial de monta\u00f1a certificado AGMP\/UIAGM<\/li>\n<li><i class=\"tk tk-check\" aria-hidden=\"true\"><\/i>Equipo personal de monta\u00f1a certificado: botas aptas para 5000m, crampones t\u00e9cnicos, arn\u00e9s de seguridad, piolets t\u00e9cnicos, casco de seguridad.<\/li>\n<li><i class=\"tk tk-check\" aria-hidden=\"true\"><\/i>Equipo de uso colectivo: cuerda, descensor, estacas, tornillos, etc.<\/li>\n<li><i class=\"tk tk-check\" aria-hidden=\"true\"><\/i>Asistencia permanente.<\/li>\n<li><i class=\"tk tk-check\" aria-hidden=\"true\"><\/i>Botiqu\u00edn de primeros auxilios para alta monta\u00f1a.<\/li>\n<li><i class=\"tk tk-check\" aria-hidden=\"true\"><\/i>Traslados in\/out.<\/li>\n<li><i class=\"tk tk-check\" aria-hidden=\"true\"><\/i>Fotograf\u00edas y videos.<\/li>\n<\/ul>\n<h4 id=\"whats-included\">No Incluye<\/h4>\n<ul style=\"column-count: 2;\">\n<li><i class=\"tk tk-times\"><\/i>Ticket de entrada al Parque Nacional Huascar\u00e1n: 30 SOLES.<\/li>\n<li><i class=\"tk tk-times\"><\/i>Pantal\u00f3n impermeable, casaca cortaviento.<\/li>\n<\/ul>\n<\/div>\n<p>&nbsp;<\/p>\n","protected":false},"excerpt":{"rendered":"<p>El tour de escalada al Nevado Ulta ofrece una experiencia \u00fanica para los amantes del monta\u00f1ismo y la naturaleza. Ubicado en la majestuosa Cordillera Blanca, en la regi\u00f3n de \u00c1ncash, <\/p>\n","protected":false},"featured_media":8942,"comment_status":"open","ping_status":"closed","template":"","meta":{"_joinchat":[]},"product_brand":[],"product_cat":[125],"product_tag":[],"class_list":{"0":"post-8948","1":"product","2":"type-product","3":"status-publish","4":"has-post-thumbnail","6":"tour_phys-montanismo","7":"product_cat-montanismo","9":"first","10":"instock","11":"shipping-taxable","12":"purchasable","13":"product-type-tour_phys"},"_links":{"self":[{"href":"https:\/\/explorehuaraz.com\/es\/wp-json\/wp\/v2\/product\/8948","targetHints":{"allow":["GET"]}}],"collection":[{"href":"https:\/\/explorehuaraz.com\/es\/wp-json\/wp\/v2\/product"}],"about":[{"href":"https:\/\/explorehuaraz.com\/es\/wp-json\/wp\/v2\/types\/product"}],"replies":[{"embeddable":true,"href":"https:\/\/explorehuaraz.com\/es\/wp-json\/wp\/v2\/comments?post=8948"}],"wp:featuredmedia":[{"embeddable":true,"href":"https:\/\/explorehuaraz.com\/es\/wp-json\/wp\/v2\/media\/8942"}],"wp:attachment":[{"href":"https:\/\/explorehuaraz.com\/es\/wp-json\/wp\/v2\/media?parent=8948"}],"wp:term":[{"taxonomy":"product_brand","embeddable":true,"href":"https:\/\/explorehuaraz.com\/es\/wp-json\/wp\/v2\/product_brand?post=8948"},{"taxonomy":"product_cat","embeddable":true,"href":"https:\/\/explorehuaraz.com\/es\/wp-json\/wp\/v2\/product_cat?post=8948"},{"taxonomy":"product_tag","embeddable":true,"href":"https:\/\/explorehuaraz.com\/es\/wp-json\/wp\/v2\/product_tag?post=8948"}],"curies":[{"name":"wp","href":"https:\/\/api.w.org\/{rel}","templated":true}]}}