{"id":8949,"date":"2024-07-22T00:49:27","date_gmt":"2024-07-21T22:49:27","guid":{"rendered":"https:\/\/explorehuaraz.com\/es\/\/es\/\/es\/?post_type=product&#038;p=8949"},"modified":"2025-03-21T17:59:34","modified_gmt":"2025-03-21T22:59:34","slug":"vallunaraju","status":"publish","type":"product","link":"https:\/\/explorehuaraz.com\/es\/tours\/vallunaraju","title":{"rendered":"Nevado Vallunaraju"},"content":{"rendered":"<p>Tambi\u00e9n llamado el <strong>&#8220;Nevado de los sue\u00f1os&#8221;,<\/strong> est\u00e1 ubicado en la provincia de Huaraz en la regi\u00f3n de Ancash. Es una de las monta\u00f1as m\u00e1s visibles desde la ciudad de Huaraz y una de las m\u00e1s populares.<\/p>\n<ul>\n<li>Altitud m\u00e1xima: 5686 m s.n.m.<\/li>\n<li>Dificultad: poco moderado<\/li>\n<li>Duraci\u00f3n: 2 dias \/ 1 noche<\/li>\n<li>Temporada: todo el a\u00f1o<\/li>\n<\/ul>\n<p>&nbsp;<\/p>\n<hr \/>\n<p>&nbsp;<\/p>\n<div class=\"tour-content-what-included\">\n<h4 id=\"whats-included\">Incluye<\/h4>\n<ul style=\"column-count: 2;\">\n<li><i class=\"tk tk-check\" aria-hidden=\"true\"><\/i>Transporte privado ida y retorno: SOAT, asientos reclinables, ventanas panor\u00e1micas.<\/li>\n<li><i class=\"tk tk-check\" aria-hidden=\"true\"><\/i>1 gu\u00eda oficial de monta\u00f1a certificado AGMP \/ UIAGM.<\/li>\n<li><i class=\"tk tk-check\" aria-hidden=\"true\"><\/i>1 gu\u00eda auxiliar (de 4 personas a m\u00e1s).<\/li>\n<li><i class=\"tk tk-check\" aria-hidden=\"true\"><\/i>Equipo personal de monta\u00f1a: botas, crampones, arn\u00e9s, piolet, casco, escarpines.<\/li>\n<li><i class=\"tk tk-check\" aria-hidden=\"true\"><\/i>Equipo de uso colectivo: mosquetones, cuerda, estacas, etc.<\/li>\n<li><i class=\"tk tk-check\" aria-hidden=\"true\"><\/i>Equipo de camping: carpa 4 estaciones, colchoneta, bolsa de dormir -4 \u00b0C, utensilios de comedor y cocina completo.<\/li>\n<li><i class=\"tk tk-check\" aria-hidden=\"true\"><\/i>Cocinero certificado<\/li>\n<li><i class=\"tk tk-check\" aria-hidden=\"true\"><\/i>Alimentaci\u00f3n completa durante el programa: 1 desayuno, 1 cena, 2 box lunch, 2 almuerzos. Tenemos opciones para vegetarianos o veganos.<\/li>\n<li><i class=\"tk tk-check\" aria-hidden=\"true\"><\/i>Porteador (para el equipo de camping y cocina)<\/li>\n<li><i class=\"tk tk-check\" aria-hidden=\"true\"><\/i>Asistencia permanente<\/li>\n<li><i class=\"tk tk-check\" aria-hidden=\"true\"><\/i>Botiqu\u00edn de primeros auxilios para alta monta\u00f1a<\/li>\n<li><i class=\"tk tk-check\" aria-hidden=\"true\"><\/i> Traslados in\/out<\/li>\n<li><i class=\"tk tk-check\" aria-hidden=\"true\"><\/i>Recojo desde su direcci\u00f3n de hospedaje (\u00e1rea urbana de la ciudad de Huaraz)<\/li>\n<li><i class=\"tk tk-check\" aria-hidden=\"true\"><\/i> Prueba de equipos y asesor\u00eda personalizada<\/li>\n<\/ul>\n<h4 id=\"whats-included\">No Incluye<\/h4>\n<ul style=\"column-count: 2;\">\n<li><i class=\"tk tk-times\"><\/i>Ticket de entrada al Parque Nacional Huascar\u00e1n: 60 PEN (aprox. 20 USD).<\/li>\n<li><i class=\"tk tk-times\"><\/i>Ropa y accesorios personales.<\/li>\n<li><i class=\"tk tk-times\"><\/i>Nada que no est\u00e9 mencionado en el programa.<\/li>\n<\/ul>\n<\/div>\n<p>&nbsp;<\/p>\n<hr \/>\n<div class=\"tour-content-what-included\">\n<h4 id=\"whats-included\">Recomendaciones<\/h4>\n<ul>\n<li><i class=\"tk tk-check\" aria-hidden=\"true\"><\/i>Realizar 02 d\u00edas m\u00ednimo de aclimataci\u00f3n en alturas mayores a 4000 m s.n.m., ejem: Trekk Laguna 69, Laguna Churup, etc.<\/li>\n<li><i class=\"tk tk-check\" aria-hidden=\"true\"><\/i>En caso de no tener alguna prenda, accesorio o equipo recomendado, puede consultar por interno para su alquiler.<\/li>\n<li><i class=\"tk tk-check\" aria-hidden=\"true\"><\/i>Si tiene alguna enfermedad cardiovascular consulte con su m\u00e9dico antes de realizar esta salida.<\/li>\n<li><i class=\"tk tk-check\" aria-hidden=\"true\"><\/i>Al contratar este servicio, el participante se compromete autom\u00e1ticamente a acatar y cumplir las reglas que implica el monta\u00f1ismo, as\u00ed como las recomendaciones y decisiones del gu\u00eda principal, ya que de eso depende la seguridad f\u00edsica del participante.<\/li>\n<\/ul>\n<p>&nbsp;<\/p>\n<hr \/>\n<div class=\"tour-content-what-included\">\n<h4 id=\"whats-included\">Recomendamos llevar<\/h4>\n<ul>\n<li><i class=\"tk tk-check\" aria-hidden=\"true\"><\/i>Gorra de lana o bandana<\/li>\n<li><i class=\"tk tk-check\" aria-hidden=\"true\"><\/i>Botella o tomatodo<\/li>\n<li><i class=\"tk tk-check\" aria-hidden=\"true\"><\/i>Guantes impermeables o de lana<\/li>\n<li><i class=\"tk tk-check\" aria-hidden=\"true\"><\/i>Mochila personal de 40-50 Litros<\/li>\n<li><i class=\"tk tk-check\" aria-hidden=\"true\"><\/i>Lentes de sol<\/li>\n<li><i class=\"tk tk-check\" aria-hidden=\"true\"><\/i>Bloqueador solar<\/li>\n<li><i class=\"tk tk-check\" aria-hidden=\"true\"><\/i>Gorro para sol<\/li>\n<\/ul>\n<p>&nbsp;<\/p>\n<hr \/>\n<div class=\"tour-content-what-included\">\n<h4 id=\"whats-included\">Vestimenta adecuada<\/h4>\n<p>Para el d\u00eda del ascenso a la cumbre, se debe usar m\u00ednimo 3 capas de ropa en la parte superior y 2 capas de ropa en la parte inferior.<\/p>\n<p><strong>\u00a01era capa:<\/strong><\/p>\n<ul>\n<li><i class=\"tk tk-check\" aria-hidden=\"true\"><\/i>Polo sint\u00e9tico deportivo o t\u00e9rmico.<\/li>\n<li><i class=\"tk tk-check\" aria-hidden=\"true\"><\/i>Pantaloneta t\u00e9rmica entera o tipo biker.<\/li>\n<\/ul>\n<p><strong>2da capa:<\/strong><\/p>\n<ul>\n<li><i class=\"tk tk-check\" aria-hidden=\"true\"><\/i>Casaca de plumas o sint\u00e9tica de abrigo.<\/li>\n<li><i class=\"tk tk-check\" aria-hidden=\"true\"><\/i>Pantal\u00f3n de monta\u00f1a, recomendable impermeable.<\/li>\n<\/ul>\n<p><strong>3era capa:<\/strong><\/p>\n<ul>\n<li><i class=\"tk tk-check\" aria-hidden=\"true\"><\/i>Casaca impermeable o cortaviento, recomendable GORETEX<\/li>\n<\/ul>\n<\/div>\n<\/div>\n<\/div>\n","protected":false},"excerpt":{"rendered":"<p>Tambi\u00e9n llamado el &#8220;Nevado de los sue\u00f1os&#8221;, est\u00e1 ubicado en la provincia de Huaraz en la regi\u00f3n de Ancash. Es una de las monta\u00f1as m\u00e1s visibles desde la ciudad de <\/p>\n","protected":false},"featured_media":9403,"comment_status":"open","ping_status":"closed","template":"","meta":{"_joinchat":[]},"product_brand":[],"product_cat":[125],"product_tag":[],"class_list":{"0":"post-8949","1":"product","2":"type-product","3":"status-publish","4":"has-post-thumbnail","6":"tour_phys-montanismo","7":"product_cat-montanismo","8":"pa_destination-cancun","9":"pa_month-january","10":"pa_month-july","12":"first","13":"instock","14":"shipping-taxable","15":"purchasable","16":"product-type-tour_phys"},"_links":{"self":[{"href":"https:\/\/explorehuaraz.com\/es\/wp-json\/wp\/v2\/product\/8949","targetHints":{"allow":["GET"]}}],"collection":[{"href":"https:\/\/explorehuaraz.com\/es\/wp-json\/wp\/v2\/product"}],"about":[{"href":"https:\/\/explorehuaraz.com\/es\/wp-json\/wp\/v2\/types\/product"}],"replies":[{"embeddable":true,"href":"https:\/\/explorehuaraz.com\/es\/wp-json\/wp\/v2\/comments?post=8949"}],"wp:featuredmedia":[{"embeddable":true,"href":"https:\/\/explorehuaraz.com\/es\/wp-json\/wp\/v2\/media\/9403"}],"wp:attachment":[{"href":"https:\/\/explorehuaraz.com\/es\/wp-json\/wp\/v2\/media?parent=8949"}],"wp:term":[{"taxonomy":"product_brand","embeddable":true,"href":"https:\/\/explorehuaraz.com\/es\/wp-json\/wp\/v2\/product_brand?post=8949"},{"taxonomy":"product_cat","embeddable":true,"href":"https:\/\/explorehuaraz.com\/es\/wp-json\/wp\/v2\/product_cat?post=8949"},{"taxonomy":"product_tag","embeddable":true,"href":"https:\/\/explorehuaraz.com\/es\/wp-json\/wp\/v2\/product_tag?post=8949"}],"curies":[{"name":"wp","href":"https:\/\/api.w.org\/{rel}","templated":true}]}}