{"id":8959,"date":"2024-08-23T01:06:09","date_gmt":"2024-08-22T23:06:09","guid":{"rendered":"https:\/\/explorehuaraz.com\/es\/\/es\/\/es\/?post_type=product&#038;p=8959"},"modified":"2024-10-24T21:00:12","modified_gmt":"2024-10-25T02:00:12","slug":"nevado-chopicalqui","status":"publish","type":"product","link":"https:\/\/explorehuaraz.com\/es\/tours\/nevado-chopicalqui","title":{"rendered":"Nevado Chopicalqui"},"content":{"rendered":"<p>El <strong>Nevado Chopicalqui<\/strong> es la cuarta elevaci\u00f3n de la Cordillera Blanca y la quinta monta\u00f1a m\u00e1s alta del Per\u00fa, tambi\u00e9n considerada como el tercer pico del Macizo del Huascar\u00e1n. La monta\u00f1a se localiza en la provincia de Yungay, al final de la Quebrada de Llanganuco, esta monta\u00f1a es sin duda uno de los ascensos m\u00e1s desafiantes de la Cordillera Blanca por ser un seis mil accesible y con una cumbre atractiva.<\/p>\n<p>Cada a\u00f1o los escaladores eligen escalarla por su arista suroeste que presenta poca dificultad t\u00e9cnica y una vista de norte a sur de la Cordillera Blanca: Huandoy, Pisco, Chacraraju, Yanapaccha, Contrahierbas y Huascar\u00e1n Norte y Sur.<\/p>\n<p><strong>Altitud m\u00e1xima:<\/strong> 6354 M.S.N.M.<br \/>\n<strong>Dificultad:<\/strong> Dif\u00edcil \/ Moderado<br \/>\n<strong>Duraci\u00f3n:<\/strong> 04 d\u00edas \/ 03 noches<br \/>\n<strong>Disponibilidad:<\/strong> Mayo a Setiembre<br \/>\n<strong>Temperatura promedio:<\/strong> Entre 13 \u00b0C &#8211; 23 \u00b0C Durante el d\u00eda \/ La noche -05 \u00b0C a -02 \u00b0C. En la parte superior -10 \u00b0C<\/p>\n<p>&nbsp;<\/p>\n<hr \/>\n<p>&nbsp;<\/p>\n<div class=\"tour-content-what-included\">\n<h4 id=\"whats-included\">Incluye<\/h4>\n<ul style=\"column-count: 2;\">\n<li><i class=\"tk tk-check\" aria-hidden=\"true\"><\/i>\u00a0Gu\u00eda oficial de monta\u00f1a con certificaci\u00f3n nacional e internacional (AGMP\/UIAGM\/IVBV\/IFMGA).<\/li>\n<li><i class=\"tk tk-check\" aria-hidden=\"true\"><\/i>Transporte privado ida y retorno.<\/li>\n<li><i class=\"tk tk-check\" aria-hidden=\"true\"><\/i>Traslados in \/ out.<\/li>\n<li><i class=\"tk tk-check\" aria-hidden=\"true\"><\/i>Cocinero-chef de alta monta\u00f1a certificado.<\/li>\n<li><i class=\"tk tk-check\" aria-hidden=\"true\"><\/i>Asistente de gu\u00eda de monta\u00f1a (de 3 a m\u00e1s participantes).<\/li>\n<li><i class=\"tk tk-check\" aria-hidden=\"true\"><\/i>Porteador (para el equipo de camping).<\/li>\n<li><i class=\"tk tk-check\" aria-hidden=\"true\"><\/i>Equipamiento de cocina y comedor completo.<\/li>\n<li><i class=\"tk tk-check\" aria-hidden=\"true\"><\/i>Alimentaci\u00f3n completa durante el programa. Alimentaci\u00f3n especial en caso de alergias, vegano o vegetariano.<\/li>\n<li><i class=\"tk tk-check\" aria-hidden=\"true\"><\/i>Equipo de camping: carpa de 4 estaciones y colchoneta.<\/li>\n<li><i class=\"tk tk-check\" aria-hidden=\"true\"><\/i>Equipo de uso colectivo: cuerda, estacas, mosquetones, tornillos, etc.<\/li>\n<li><i class=\"tk tk-check\" aria-hidden=\"true\"><\/i>Art\u00edculos de aseo: papel higi\u00e9nico, papel servilleta, alcohol en gel.<\/li>\n<li><i class=\"tk tk-check\" aria-hidden=\"true\"><\/i>Prueba de equipos y charla de iniciaci\u00f3n un d\u00eda antes de la salida.<\/li>\n<li><i class=\"tk tk-check\" aria-hidden=\"true\"><\/i>Botiqu\u00edn de primeros auxilios para alta monta\u00f1a.<\/li>\n<li><i class=\"tk tk-check\" aria-hidden=\"true\"><\/i>Recojo desde su direcci\u00f3n de hospedaje (\u00e1rea urbana de Huaraz).<\/li>\n<li><i class=\"tk tk-check\" aria-hidden=\"true\"><\/i>Regalo sorpresa de parte de ANDEAN ALPES.<\/li>\n<\/ul>\n<h4 id=\"whats-included\">No Incluye<\/h4>\n<ul style=\"column-count: 2;\">\n<li><i class=\"tk tk-times\"><\/i>Ticket de entrada al Parque Nacional Huascar\u00e1n: S\/ 60 (aprox. 20 USD).<\/li>\n<li><i class=\"tk tk-times\"><\/i>Equipo personal t\u00e9cnico: botas, crampones, arn\u00e9s, casco, piolets.<\/li>\n<li><i class=\"tk tk-times\"><\/i>Ropa y accesorios personales.<\/li>\n<li><i class=\"tk tk-times\"><\/i>Bolsa de dormir personal.<\/li>\n<li><i class=\"tk tk-times\"><\/i>Propinas.<\/li>\n<\/ul>\n<\/div>\n<p>&nbsp;<\/p>\n","protected":false},"excerpt":{"rendered":"<p>El Nevado Chopicalqui es la cuarta elevaci\u00f3n de la Cordillera Blanca y la quinta monta\u00f1a m\u00e1s alta del Per\u00fa, tambi\u00e9n considerada como el tercer pico del Macizo del Huascar\u00e1n. La <\/p>\n","protected":false},"featured_media":8957,"comment_status":"open","ping_status":"closed","template":"","meta":{"_joinchat":[]},"product_brand":[],"product_cat":[125],"product_tag":[],"class_list":{"0":"post-8959","1":"product","2":"type-product","3":"status-publish","4":"has-post-thumbnail","6":"tour_phys-montanismo","7":"product_cat-montanismo","9":"first","10":"instock","11":"shipping-taxable","12":"purchasable","13":"product-type-tour_phys"},"_links":{"self":[{"href":"https:\/\/explorehuaraz.com\/es\/wp-json\/wp\/v2\/product\/8959","targetHints":{"allow":["GET"]}}],"collection":[{"href":"https:\/\/explorehuaraz.com\/es\/wp-json\/wp\/v2\/product"}],"about":[{"href":"https:\/\/explorehuaraz.com\/es\/wp-json\/wp\/v2\/types\/product"}],"replies":[{"embeddable":true,"href":"https:\/\/explorehuaraz.com\/es\/wp-json\/wp\/v2\/comments?post=8959"}],"wp:featuredmedia":[{"embeddable":true,"href":"https:\/\/explorehuaraz.com\/es\/wp-json\/wp\/v2\/media\/8957"}],"wp:attachment":[{"href":"https:\/\/explorehuaraz.com\/es\/wp-json\/wp\/v2\/media?parent=8959"}],"wp:term":[{"taxonomy":"product_brand","embeddable":true,"href":"https:\/\/explorehuaraz.com\/es\/wp-json\/wp\/v2\/product_brand?post=8959"},{"taxonomy":"product_cat","embeddable":true,"href":"https:\/\/explorehuaraz.com\/es\/wp-json\/wp\/v2\/product_cat?post=8959"},{"taxonomy":"product_tag","embeddable":true,"href":"https:\/\/explorehuaraz.com\/es\/wp-json\/wp\/v2\/product_tag?post=8959"}],"curies":[{"name":"wp","href":"https:\/\/api.w.org\/{rel}","templated":true}]}}