{"id":8960,"date":"2024-08-24T18:31:59","date_gmt":"2024-08-24T16:31:59","guid":{"rendered":"https:\/\/explorehuaraz.com\/es\/\/es\/\/es\/?post_type=product&#038;p=8960"},"modified":"2024-10-24T20:59:26","modified_gmt":"2024-10-25T01:59:26","slug":"nevado-yanapaccha","status":"publish","type":"product","link":"https:\/\/explorehuaraz.com\/es\/tours\/nevado-yanapaccha","title":{"rendered":"Nevado Yanapaccha"},"content":{"rendered":"<p>Ubicada en la Cordillera Blanca, estrat\u00e9gicamente en medio de colosales monta\u00f1as de entre cinco y seis mil metros y su elevaci\u00f3n es de 5460 metros de altura. Tiene dos picos, el sur de 5460 m (el mayor) y el norte de 5380 m. Desde su cima se aprecia una espectacular vista panor\u00e1mica.<\/p>\n<p><strong>Altitud m\u00e1xima:<\/strong> 5460 M.S.N.M.<br \/>\n<strong>Dificultad:<\/strong> Moderado<br \/>\n<strong>Duraci\u00f3n:<\/strong> 02 d\u00edas \/ 01 noche<br \/>\n<strong>Disponibilidad:<\/strong> Abril a Setiembre<\/p>\n<p>&nbsp;<\/p>\n<hr \/>\n<div class=\"tour-content-what-included\">\n<h4 id=\"whats-included\">Recomendaciones<\/h4>\n<ul style=\"column-count: 1;\">\n<li><i class=\"tk tk-check\" aria-hidden=\"true\"><\/i>Realizar 02 d\u00edas m\u00ednimos de aclimataci\u00f3n en alturas mayores a 4000 m.s.n.m. (ejemplo: Laguna Churup, Laguna 69, Nevado Mateo, etc.)<\/li>\n<li><i class=\"tk tk-check\" aria-hidden=\"true\"><\/i>En caso de no tener alguna prenda, accesorio o equipo recomendado, puede rentarlo.<\/li>\n<li><i class=\"tk tk-check\" aria-hidden=\"true\"><\/i>Si tiene alguna enfermedad cardiovascular consulte con su m\u00e9dico antes de realizar esta salida.<\/li>\n<li><i class=\"tk tk-check\" aria-hidden=\"true\"><\/i>Al contratar este servicio, el participante se compromete autom\u00e1ticamente a acatar y cumplir las reglas que implica el monta\u00f1ismo, as\u00ed como las recomendaciones y decisiones del gu\u00eda principal, ya que de eso depende la seguridad f\u00edsica del participante.<\/li>\n<\/ul>\n<p>&nbsp;<\/p>\n<p>&nbsp;<\/p>\n<hr \/>\n<div class=\"tour-content-what-included\">\n<h4 id=\"whats-included\">Recomendamos llevar<\/h4>\n<ul style=\"column-count: 1;\">\n<li><i class=\"tk tk-check\" aria-hidden=\"true\"><\/i>Bandana.<\/li>\n<li><i class=\"tk tk-check\" aria-hidden=\"true\"><\/i>Tomatodo para agua caliente.<\/li>\n<li><i class=\"tk tk-check\" aria-hidden=\"true\"><\/i>Guantes impermeables.<\/li>\n<li><i class=\"tk tk-check\" aria-hidden=\"true\"><\/i>Mochila personal de 80 Litros.<\/li>\n<li><i class=\"tk tk-check\" aria-hidden=\"true\"><\/i>Lentes de sol UV4, protector solar, gorro para sol.<\/li>\n<li><i class=\"tk tk-check\" aria-hidden=\"true\"><\/i> Linterna frontal.<\/li>\n<\/ul>\n<p>&nbsp;<\/p>\n<hr \/>\n<div class=\"tour-content-what-included\">\n<h4 id=\"whats-included\">Vestimenta adecuada<\/h4>\n<p>Para el d\u00eda del ascenso a la cumbre, se debe usar m\u00ednimo 3 capas de ropa en la parte superior y 2 capas de ropa en la parte inferior.<\/p>\n<p><strong>1RA CAPA.<\/strong><\/p>\n<ul style=\"column-count: 1;\">\n<li style=\"list-style-type: none;\">\n<ul style=\"column-count: 1;\">\n<li style=\"list-style-type: none;\">\n<ul style=\"column-count: 1;\">\n<li><i class=\"tk tk-check\" aria-hidden=\"true\"><\/i>Polo sint\u00e9tico deportivo o t\u00e9rmico.<\/li>\n<li><i class=\"tk tk-check\" aria-hidden=\"true\"><\/i>Pantaloneta t\u00e9rmica entera o tipo biker.<\/li>\n<\/ul>\n<\/li>\n<\/ul>\n<\/li>\n<\/ul>\n<p><strong>2DA CAPA.<\/strong><\/p>\n<ul style=\"column-count: 1;\">\n<li style=\"list-style-type: none;\">\n<ul style=\"column-count: 1;\">\n<li style=\"list-style-type: none;\">\n<ul style=\"column-count: 1;\">\n<li><i class=\"tk tk-check\" aria-hidden=\"true\"><\/i>Casaca de plumas o sint\u00e9tica de abrigo.<\/li>\n<li><i class=\"tk tk-check\" aria-hidden=\"true\"><\/i>Pantal\u00f3n de monta\u00f1a, recomendable GORETEX.<\/li>\n<\/ul>\n<\/li>\n<\/ul>\n<\/li>\n<\/ul>\n<p><strong>3RA CAPA<\/strong><\/p>\n<ul style=\"column-count: 1;\">\n<li style=\"list-style-type: none;\">\n<ul style=\"column-count: 1;\">\n<li style=\"list-style-type: none;\">\n<ul style=\"column-count: 1;\">\n<li><i class=\"tk tk-check\" aria-hidden=\"true\"><\/i>Casaca impermeable GORETEX.<\/li>\n<\/ul>\n<\/li>\n<\/ul>\n<\/li>\n<\/ul>\n<p>&nbsp;<\/p>\n<hr \/>\n<p>&nbsp;<\/p>\n<div class=\"tour-content-what-included\">\n<h4 id=\"whats-included\">Incluye<\/h4>\n<ul style=\"column-count: 2;\">\n<li><i class=\"tk tk-check\" aria-hidden=\"true\"><\/i>Gu\u00eda oficial de monta\u00f1a con certificaci\u00f3n nacional e internacional (AGMP\/UIAGM\/IVBV\/IFMGA).<\/li>\n<li><i class=\"tk tk-check\" aria-hidden=\"true\"><\/i>Transporte p\u00fablico ida y retorno.<i class=\"tk tk-check\" aria-hidden=\"true\"><\/i><\/li>\n<li><i class=\"tk tk-check\" aria-hidden=\"true\"><\/i>Cocinero-chef de alta monta\u00f1a certificado.<\/li>\n<li><i class=\"tk tk-check\" aria-hidden=\"true\"><\/i>Equipo de uso colectivo: mosquetones, cuerda, descensor, daysi chen, etc.<\/li>\n<li><i class=\"tk tk-check\" aria-hidden=\"true\"><\/i>Equipo de camping: carpa de 4 estaciones y colchoneta.<\/li>\n<li><i class=\"tk tk-check\" aria-hidden=\"true\"><\/i>Equipamiento de cocina y comedor completo.<\/li>\n<li><i class=\"tk tk-check\" aria-hidden=\"true\"><\/i>Alimentaci\u00f3n completa durante el programa. Alimentaci\u00f3n especial en caso de alergias, vegano o vegetariano.<\/li>\n<li><i class=\"tk tk-check\" aria-hidden=\"true\"><\/i>Asistencia permanente y asesoramiento un d\u00eda antes de la expedici\u00f3n.<\/li>\n<li><i class=\"tk tk-check\" aria-hidden=\"true\"><\/i>Kit de primeros auxilios para alta monta\u00f1a.<\/li>\n<\/ul>\n<h4 id=\"whats-included\">No Incluye<\/h4>\n<ul style=\"column-count: 2;\">\n<li><i class=\"tk tk-times\"><\/i>\u00a0Ticket de entrada al Parque Nacional Huascar\u00e1n: S\/ 60 (aprox. 20 USD).<\/li>\n<li><i class=\"tk tk-times\"><\/i>Equipo personal de monta\u00f1a: casco, crampones, botas aptas para 5000m, arn\u00e9s y piolets t\u00e9cnicos.<\/li>\n<li><i class=\"tk tk-times\"><\/i>Ropa y accesorios personales.<\/li>\n<li><i class=\"tk tk-times\"><\/i>Bolsa de dormir personal.<\/li>\n<li><i class=\"tk tk-times\"><\/i>Porteador(es).<\/li>\n<li><i class=\"tk tk-times\"><\/i>Propina.<\/li>\n<li><i class=\"tk tk-times\"><\/i>Otros gastos personales<\/li>\n<\/ul>\n<\/div>\n<p>&nbsp;<\/p>\n<\/div>\n<\/div>\n<\/div>\n","protected":false},"excerpt":{"rendered":"<p>Ubicada en la Cordillera Blanca, estrat\u00e9gicamente en medio de colosales monta\u00f1as de entre cinco y seis mil metros y su elevaci\u00f3n es de 5460 metros de altura. Tiene dos picos, <\/p>\n","protected":false},"featured_media":8957,"comment_status":"open","ping_status":"closed","template":"","meta":{"_joinchat":[]},"product_brand":[],"product_cat":[125],"product_tag":[],"class_list":{"0":"post-8960","1":"product","2":"type-product","3":"status-publish","4":"has-post-thumbnail","6":"tour_phys-montanismo","7":"product_cat-montanismo","8":"pa_destination-cancun","9":"pa_destination-nha-trang","10":"pa_destination-tokyo","11":"pa_month-january","12":"pa_month-july","14":"first","15":"instock","16":"shipping-taxable","17":"purchasable","18":"product-type-tour_phys"},"_links":{"self":[{"href":"https:\/\/explorehuaraz.com\/es\/wp-json\/wp\/v2\/product\/8960","targetHints":{"allow":["GET"]}}],"collection":[{"href":"https:\/\/explorehuaraz.com\/es\/wp-json\/wp\/v2\/product"}],"about":[{"href":"https:\/\/explorehuaraz.com\/es\/wp-json\/wp\/v2\/types\/product"}],"replies":[{"embeddable":true,"href":"https:\/\/explorehuaraz.com\/es\/wp-json\/wp\/v2\/comments?post=8960"}],"wp:featuredmedia":[{"embeddable":true,"href":"https:\/\/explorehuaraz.com\/es\/wp-json\/wp\/v2\/media\/8957"}],"wp:attachment":[{"href":"https:\/\/explorehuaraz.com\/es\/wp-json\/wp\/v2\/media?parent=8960"}],"wp:term":[{"taxonomy":"product_brand","embeddable":true,"href":"https:\/\/explorehuaraz.com\/es\/wp-json\/wp\/v2\/product_brand?post=8960"},{"taxonomy":"product_cat","embeddable":true,"href":"https:\/\/explorehuaraz.com\/es\/wp-json\/wp\/v2\/product_cat?post=8960"},{"taxonomy":"product_tag","embeddable":true,"href":"https:\/\/explorehuaraz.com\/es\/wp-json\/wp\/v2\/product_tag?post=8960"}],"curies":[{"name":"wp","href":"https:\/\/api.w.org\/{rel}","templated":true}]}}