{"id":8962,"date":"2024-08-24T19:05:15","date_gmt":"2024-08-24T17:05:15","guid":{"rendered":"https:\/\/explorehuaraz.com\/es\/\/es\/\/es\/?post_type=product&#038;p=8962"},"modified":"2024-10-24T20:58:42","modified_gmt":"2024-10-25T01:58:42","slug":"urus-ishinca-tocllaraju","status":"publish","type":"product","link":"https:\/\/explorehuaraz.com\/es\/tours\/urus-ishinca-tocllaraju","title":{"rendered":"Nevado Urus &#8211; Ishinca &#8211; Tocllaraju"},"content":{"rendered":"<p>El tour de escalada a los Nevados Urus, Ishinca y Tocllaraju es una aventura completa en la Cordillera Blanca, ideal para escaladores de nivel intermedio que buscan un desaf\u00edo progresivo en alta monta\u00f1a. Situados en el espectacular valle de Ishinca, estos tres nevados ofrecen una combinaci\u00f3n perfecta de rutas accesibles y t\u00e9cnicas, con paisajes impresionantes y una experiencia inolvidable de monta\u00f1ismo.<\/p>\n<p>El recorrido comienza con la ascensi\u00f3n al Nevado Urus (5,495 metros), una monta\u00f1a ideal para quienes desean aclimatarse y ganar confianza en la escalada en terrenos de roca y nieve. La ruta, de dificultad moderada, regala vistas espectaculares de otros gigantes andinos como el Tocllaraju y el Ranrapalca, mientras los participantes atraviesan paisajes de valles verdes y lagunas glaciares.<\/p>\n<p>La siguiente etapa lleva a los escaladores al Nevado Ishinca (5,530 metros), que ofrece una ruta algo m\u00e1s t\u00e9cnica pero igualmente accesible. Esta monta\u00f1a es perfecta para desarrollar habilidades en ascensos m\u00e1s desafiantes, sin ser extremadamente complicada. Desde su cumbre, se disfrutan vistas panor\u00e1micas de la Cordillera Blanca, con los nevados Huascar\u00e1n, Ranrapalca y Palcaraju dominando el horizonte.<\/p>\n<p>Finalmente, el Nevado Tocllaraju (6,034 metros) representa el reto culminante de este tour. Su ascenso requiere una mayor experiencia t\u00e9cnica, ya que presenta pendientes m\u00e1s pronunciadas y una escalada en hielo m\u00e1s exigente. Sin embargo, los esfuerzos son recompensados con una de las cumbres m\u00e1s majestuosas de la Cordillera Blanca, desde donde se observan impresionantes vistas de los nevados circundantes y el vasto paisaje andino.<\/p>\n<p><strong>Altitud m\u00e1xima:<\/strong> 6034 M.S.N.M. (Cumbre del Tocllaraju)<br \/>\n<strong>Dificultad:<\/strong> Moderado (Ishinca y Urus) \/ Poco dificil (Tocllaraju)<br \/>\n<strong>Duraci\u00f3n:<\/strong> 07 d\u00edas \/ 06 noches<br \/>\n<strong>Mejor temporada:<\/strong> Mayo a Setiembre<br \/>\n<strong>Lugar: <\/strong>Cordillera blanca<br \/>\n<strong>Temperatura promedio: <\/strong>Entre 13 \u00b0C &#8211; 23 \u00b0C durante el d\u00eda \/ la noche -05 \u00b0C a -02 \u00b0C. En la parte superior: -10\u00b0C<\/p>\n<p>&nbsp;<\/p>\n<hr \/>\n<div class=\"tour-content-what-included\">\n<h4 id=\"whats-included\">Recomendaciones<\/h4>\n<ul style=\"column-count: 1;\">\n<li><i class=\"tk tk-check\" aria-hidden=\"true\"><\/i>Realizar como m\u00ednimo 03 d\u00edas de aclimataci\u00f3n en alturas mayores a 4500 m s.n.m.<\/li>\n<li><i class=\"tk tk-check\" aria-hidden=\"true\"><\/i>En caso de no tener alguna prenda, accesorio o equipo recomendado, consulte por interno para su respectivo alquiler.<\/li>\n<li><i class=\"tk tk-check\" aria-hidden=\"true\"><\/i>Al contratar este servicio, el participante se compromete autom\u00e1ticamente a acatar y cumplir las reglas que implica el monta\u00f1ismo, as\u00ed como las recomendaciones y decisiones del gu\u00eda principal, ya que de eso depende la seguridad f\u00edsica del participante.<\/li>\n<\/ul>\n<p>&nbsp;<\/p>\n<hr \/>\n<div class=\"tour-content-what-included\">\n<h4 id=\"whats-included\">\u00bfQu\u00e9 llevar?<\/h4>\n<ul style=\"column-count: 1;\">\n<li><i class=\"tk tk-check\" aria-hidden=\"true\"><\/i>Equipo T\u00e9cnico de Monta\u00f1a (Casco, Arn\u00e9s, Piolets T\u00e9cnicos, Botas, Crampones).<\/li>\n<li><i class=\"tk tk-check\" aria-hidden=\"true\"><\/i>Pantalones de Trekking.<\/li>\n<li><i class=\"tk tk-check\" aria-hidden=\"true\"><\/i>Calzado de Trekking.<\/li>\n<li><i class=\"tk tk-check\" aria-hidden=\"true\"><\/i>Calcetines de Trekking (fibras sint\u00e9ticas).<\/li>\n<li><i class=\"tk tk-check\" aria-hidden=\"true\"><\/i>Sombrero para el sol.<\/li>\n<li><i class=\"tk tk-check\" aria-hidden=\"true\"><\/i>Gorra para el fr\u00edo.<\/li>\n<li><i class=\"tk tk-check\" aria-hidden=\"true\"><\/i>Casacas de pluma.<\/li>\n<li><i class=\"tk tk-check\" aria-hidden=\"true\"><\/i>Bastones de Trekking.<\/li>\n<li><i class=\"tk tk-check\" aria-hidden=\"true\"><\/i>Polainas.<\/li>\n<li><i class=\"tk tk-check\" aria-hidden=\"true\"><\/i>Bolsa de dormir (-30\u00b0).<\/li>\n<li><i class=\"tk tk-check\" aria-hidden=\"true\"><\/i>Camisetas de microfibra y t\u00e9rmica.<\/li>\n<li><i class=\"tk tk-check\" aria-hidden=\"true\"><\/i>Gafas de sol.<\/li>\n<li><i class=\"tk tk-check\" aria-hidden=\"true\"><\/i>Mochila 40 litros.<\/li>\n<li><i class=\"tk tk-check\" aria-hidden=\"true\"><\/i>Ropa impermeable.<\/li>\n<li><i class=\"tk tk-check\" aria-hidden=\"true\"><\/i>Botella para el agua (1 Lt.).<\/li>\n<li><i class=\"tk tk-check\" aria-hidden=\"true\"><\/i>Linterna Frontal (con bater\u00edas de repuesto).<\/li>\n<li><i class=\"tk tk-check\" aria-hidden=\"true\"><\/i>Herramientas fotogr\u00e1ficas.<\/li>\n<\/ul>\n<p>&nbsp;<\/p>\n<div class=\"tour-content-what-included\">\n<hr \/>\n<p>&nbsp;<\/p>\n<div class=\"tour-content-what-included\">\n<h4 id=\"whats-included\">Incluye<\/h4>\n<ul style=\"column-count: 2;\">\n<li><i class=\"tk tk-check\" aria-hidden=\"true\"><\/i>Gu\u00eda certificado \u2013 IFMGA \/ IVBV \/ UIAGM (biling\u00fce).<\/li>\n<li><i class=\"tk tk-check\" aria-hidden=\"true\"><\/i>Cocinero certificado.<\/li>\n<li><i class=\"tk tk-check\" aria-hidden=\"true\"><\/i>Transporte privado.<\/li>\n<li><i class=\"tk tk-check\" aria-hidden=\"true\"><\/i>Porteador para el traslado del equipo log\u00edstico (Tocllaraju).<\/li>\n<li><i class=\"tk tk-check\" aria-hidden=\"true\"><\/i>Burros para el traslado del equipo log\u00edstico (Ishinca\/Urus).<\/li>\n<li><i class=\"tk tk-check\" aria-hidden=\"true\"><\/i>Arriero.<\/li>\n<li><i class=\"tk tk-check\" aria-hidden=\"true\"><\/i>Alimentaci\u00f3n completa durante le expedici\u00f3n: almuerzo, box lunch, desayuno, hora del t\u00e9 y cena.<\/li>\n<li><i class=\"tk tk-check\" aria-hidden=\"true\"><\/i>Carpa 4 estaciones y esterilla.<\/li>\n<li><i class=\"tk tk-check\" aria-hidden=\"true\"><\/i>Carpa comedor.<\/li>\n<li><i class=\"tk tk-check\" aria-hidden=\"true\"><\/i>Equipo colectivo de monta\u00f1a: cuerda, estacas, etc.<\/li>\n<li><i class=\"tk tk-check\" aria-hidden=\"true\"><\/i>Botiqu\u00edn de primeros auxilios.<\/li>\n<li><i class=\"tk tk-check\" aria-hidden=\"true\"><\/i>Agua hervida para llenar su botella todos los d\u00edas.<\/li>\n<\/ul>\n<h4 id=\"whats-included\">No Incluye<\/h4>\n<ul style=\"column-count: 2;\">\n<li><i class=\"tk tk-times\"><\/i>Equipo personal de monta\u00f1a: casco, crampones, piolets, arn\u00e9s, botas aptas para 6000m.<\/li>\n<li><i class=\"tk tk-times\"><\/i>Primer d\u00eda de desayuno, el D\u00cdA 1 saldremos desde Huaraz despu\u00e9s de la hora del desayuno.<\/li>\n<li><i class=\"tk tk-times\"><\/i>Ticket de ingreso al Parque Nacional Huascar\u00e1n: S\/.60 soles por persona (aprox. 20 USD).<\/li>\n<li><i class=\"tk tk-times\"><\/i>Seguro de viaje y seguro de salud.<\/li>\n<li><i class=\"tk tk-times\"><\/i>Traslado &#8211; Aeropuerto \/ Hotel \/ Aeropuerto \/ Estaci\u00f3n de bus.<\/li>\n<li><i class=\"tk tk-times\"><\/i>Ticket de bus Huaraz \/ Lima \/ Huaraz.<\/li>\n<li><i class=\"tk tk-times\"><\/i>Equipaje de viaje y seguro de cancelaci\u00f3n de viaje o abandono de la expedici\u00f3n.<\/li>\n<li><i class=\"tk tk-times\"><\/i>Gastos personales.<\/li>\n<li><i class=\"tk tk-times\"><\/i>Propina.<\/li>\n<\/ul>\n<\/div>\n<p>&nbsp;<\/p>\n<\/div>\n<\/div>\n<\/div>\n","protected":false},"excerpt":{"rendered":"<p>El tour de escalada a los Nevados Urus, Ishinca y Tocllaraju es una aventura completa en la Cordillera Blanca, ideal para escaladores de nivel intermedio que buscan un desaf\u00edo progresivo <\/p>\n","protected":false},"featured_media":8965,"comment_status":"open","ping_status":"closed","template":"","meta":{"_joinchat":[]},"product_brand":[],"product_cat":[125],"product_tag":[],"class_list":{"0":"post-8962","1":"product","2":"type-product","3":"status-publish","4":"has-post-thumbnail","6":"tour_phys-montanismo","7":"product_cat-montanismo","8":"pa_destination-cancun","9":"pa_destination-nha-trang","10":"pa_destination-tokyo","11":"pa_month-january","12":"pa_month-july","14":"first","15":"instock","16":"shipping-taxable","17":"purchasable","18":"product-type-tour_phys"},"_links":{"self":[{"href":"https:\/\/explorehuaraz.com\/es\/wp-json\/wp\/v2\/product\/8962","targetHints":{"allow":["GET"]}}],"collection":[{"href":"https:\/\/explorehuaraz.com\/es\/wp-json\/wp\/v2\/product"}],"about":[{"href":"https:\/\/explorehuaraz.com\/es\/wp-json\/wp\/v2\/types\/product"}],"replies":[{"embeddable":true,"href":"https:\/\/explorehuaraz.com\/es\/wp-json\/wp\/v2\/comments?post=8962"}],"wp:featuredmedia":[{"embeddable":true,"href":"https:\/\/explorehuaraz.com\/es\/wp-json\/wp\/v2\/media\/8965"}],"wp:attachment":[{"href":"https:\/\/explorehuaraz.com\/es\/wp-json\/wp\/v2\/media?parent=8962"}],"wp:term":[{"taxonomy":"product_brand","embeddable":true,"href":"https:\/\/explorehuaraz.com\/es\/wp-json\/wp\/v2\/product_brand?post=8962"},{"taxonomy":"product_cat","embeddable":true,"href":"https:\/\/explorehuaraz.com\/es\/wp-json\/wp\/v2\/product_cat?post=8962"},{"taxonomy":"product_tag","embeddable":true,"href":"https:\/\/explorehuaraz.com\/es\/wp-json\/wp\/v2\/product_tag?post=8962"}],"curies":[{"name":"wp","href":"https:\/\/api.w.org\/{rel}","templated":true}]}}